{"id":2,"date":"2023-12-21T09:57:35","date_gmt":"2023-12-21T09:57:35","guid":{"rendered":"https:\/\/180jahre.at\/?page_id=2"},"modified":"2024-02-27T07:22:32","modified_gmt":"2024-02-27T07:22:32","slug":"sample-page","status":"publish","type":"page","link":"https:\/\/180jahre.at\/","title":{"rendered":"Home"},"content":{"rendered":"\n<div class=\"wp-block-group alignfull has-global-padding is-layout-constrained wp-block-group-is-layout-constrained\"><div class=\"aiovg-player-container\" style=\"max-width: 100%;\"><div class=\"aiovg-player aiovg-player-iframe\" style=\"padding-bottom: 56.25%;\"><iframe loading=\"lazy\" src=\"https:\/\/180jahre.at\/?page_id=91&amp;aiovg_type=id&amp;aiovg_video=2&amp;vimeo=https%3A%2F%2Fvimeo.com%2F901404942&amp;autoplay=1&amp;loop=1&amp;current=0&amp;progress=0&amp;duration=0&amp;tracks=0&amp;speed=0&amp;quality=0&amp;fullscreen=0\" title=\"\" width=\"560\" height=\"315\" frameborder=\"0\" scrolling=\"no\" allow=\"accelerometer; autoplay; clipboard-write; encrypted-media; gyroscope; picture-in-picture; web-share\" allowfullscreen><\/iframe><\/div><\/div>\n<\/div>\n\n\n\n<div style=\"height:100px\" aria-hidden=\"true\" class=\"wp-block-spacer\"><\/div>\n\n\n\n<h1 class=\"wp-block-heading has-text-align-center\" style=\"font-size:clamp(7.517rem, 7.517rem + ((1vw - 0.2rem) * 20.805), 20rem);letter-spacing:5px\">180<\/h1>\n\n\n\n<h1 class=\"wp-block-heading has-text-align-center is-style-default\" style=\"margin-top:0;margin-bottom:0;font-size:clamp(4.16rem, 4.16rem + ((1vw - 0.2rem) * 8.067), 9rem);\">Jahre<br>Montes,<br>Hermann<br>&amp; Didi<\/h1>\n\n\n\n<p><\/p>\n\n\n\n<div class=\"wp-block-group alignwide has-global-padding is-layout-constrained wp-container-core-group-is-layout-bea02a06 wp-block-group-is-layout-constrained\">\n<div style=\"height:100px\" aria-hidden=\"true\" class=\"wp-block-spacer\"><\/div>\n\n\n\n<p class=\"has-text-align-center\">3x 60 Jahre. <br>3x die beste Gesellschaft. <br>3x pure Lebenslust.<\/p>\n\n\n\n<div style=\"height:45px\" aria-hidden=\"true\" class=\"wp-block-spacer\"><\/div>\n\n\n\n<p class=\"has-text-align-center\">Wir tun es wieder und <br>feiern mit euch unsere Geburtstage!<\/p>\n\n\n\n<div style=\"height:45px\" aria-hidden=\"true\" class=\"wp-block-spacer\"><\/div>\n\n\n\n<p class=\"has-text-align-center\">Kleidet euch in Anzug und kleines Schwarzes, kommt und hebt die Gl\u00e4ser. Genie\u00dft charmante Gesellschaft, feinste Speisen und Getr\u00e4nke sowie die Sounds der DJs.<\/p>\n\n\n\n<div style=\"height:45px\" aria-hidden=\"true\" class=\"wp-block-spacer\"><\/div>\n\n\n\n<p class=\"has-text-align-center\">Zeit ist das kostbarste Geschenk.<br>Das macht ihr uns, mit eurem Kommen.&nbsp;<\/p>\n\n\n\n<p class=\"has-text-align-center\">Wer zus\u00e4tzlich noch was schenken will,<br>f\u00fcr den haben wir ein Spendenkonto zugunsten eines wohlt\u00e4tigen Zwecks eingerichtet.<\/p>\n\n\n\n<p class=\"has-text-align-center\"><strong>Spendenkonto<\/strong><br><strong>Dieter Moosbrugger<\/strong><br><strong>IBAN: AT59 4571 0019 4332 1882<\/strong><br><strong>Betreff: 180 Jahre&nbsp;<\/strong><\/p>\n\n\n\n<div style=\"height:75px\" aria-hidden=\"true\" class=\"wp-block-spacer\"><\/div>\n\n\n\n<p class=\"has-text-align-center\"><\/p>\n\n\n\n<h2 class=\"wp-block-heading has-text-align-center\" style=\"font-size:clamp(3.426rem, 3.426rem + ((1vw - 0.2rem) * 5.957), 7rem);\">24.02.2024<br>18.00 Uhr<br>Conrad <br>Sohm<\/h2>\n\n\n\n<div style=\"height:100px\" aria-hidden=\"true\" class=\"wp-block-spacer\"><\/div>\n\n\n\n<p class=\"has-text-align-center\" id=\"anmeldung\"><\/p>\n\n\n\n<div style=\"height:200px\" aria-hidden=\"true\" class=\"wp-block-spacer\"><\/div>\n<\/div>\n","protected":false},"excerpt":{"rendered":"<p>180 JahreMontes,Hermann&amp; Didi 3x 60 Jahre. 3x die beste Gesellschaft. 3x pure Lebenslust. Wir tun es wieder und feiern mit euch unsere Geburtstage! Kleidet euch in Anzug und kleines Schwarzes, kommt und hebt die Gl\u00e4ser. Genie\u00dft charmante Gesellschaft, feinste Speisen und Getr\u00e4nke sowie die Sounds der DJs. Zeit ist das kostbarste Geschenk.Das macht ihr uns, [&hellip;]<\/p>\n","protected":false},"author":1,"featured_media":0,"parent":0,"menu_order":0,"comment_status":"closed","ping_status":"open","template":"","meta":{"footnotes":""},"class_list":["post-2","page","type-page","status-publish","hentry"],"_links":{"self":[{"href":"https:\/\/180jahre.at\/index.php?rest_route=\/wp\/v2\/pages\/2","targetHints":{"allow":["GET"]}}],"collection":[{"href":"https:\/\/180jahre.at\/index.php?rest_route=\/wp\/v2\/pages"}],"about":[{"href":"https:\/\/180jahre.at\/index.php?rest_route=\/wp\/v2\/types\/page"}],"author":[{"embeddable":true,"href":"https:\/\/180jahre.at\/index.php?rest_route=\/wp\/v2\/users\/1"}],"replies":[{"embeddable":true,"href":"https:\/\/180jahre.at\/index.php?rest_route=%2Fwp%2Fv2%2Fcomments&post=2"}],"version-history":[{"count":77,"href":"https:\/\/180jahre.at\/index.php?rest_route=\/wp\/v2\/pages\/2\/revisions"}],"predecessor-version":[{"id":677,"href":"https:\/\/180jahre.at\/index.php?rest_route=\/wp\/v2\/pages\/2\/revisions\/677"}],"wp:attachment":[{"href":"https:\/\/180jahre.at\/index.php?rest_route=%2Fwp%2Fv2%2Fmedia&parent=2"}],"curies":[{"name":"wp","href":"https:\/\/api.w.org\/{rel}","templated":true}]}}